{"id":121,"date":"2021-07-21T10:54:00","date_gmt":"2021-07-21T08:54:00","guid":{"rendered":"http:\/\/cflformationchr.fr\/?page_id=121"},"modified":"2025-05-23T08:34:32","modified_gmt":"2025-05-23T06:34:32","slug":"haccp","status":"publish","type":"page","link":"https:\/\/cflformationchr.fr\/index.php\/haccp\/","title":{"rendered":"Formation sp\u00e9cifique en mati\u00e8re d&#8217;hygi\u00e8ne alimentaire adapt\u00e9e \u00e0 l&#8217;activit\u00e9 des \u00e9tablissements de restauration commerciale"},"content":{"rendered":"\n<div class=\"wp-block-columns is-layout-flex wp-container-core-columns-is-layout-1 wp-block-columns-is-layout-flex\">\n<div class=\"wp-block-column is-layout-flow wp-block-column-is-layout-flow\" style=\"flex-basis:100%\">\n<div class=\"wp-block-group alignwide\"><div class=\"wp-block-group__inner-container is-layout-flow wp-block-group-is-layout-flow\"><div class=\"wp-block-image\">\n<figure class=\"aligncenter size-full\"><img loading=\"lazy\" decoding=\"async\" width=\"960\" height=\"455\" src=\"https:\/\/cflformationchr.fr\/wp-content\/uploads\/2025\/02\/HACCP-1.jpg\" alt=\"\" class=\"wp-image-2112\" srcset=\"https:\/\/cflformationchr.fr\/wp-content\/uploads\/2025\/02\/HACCP-1.jpg 960w, https:\/\/cflformationchr.fr\/wp-content\/uploads\/2025\/02\/HACCP-1-300x142.jpg 300w, https:\/\/cflformationchr.fr\/wp-content\/uploads\/2025\/02\/HACCP-1-768x364.jpg 768w\" sizes=\"(max-width: 960px) 100vw, 960px\" \/><\/figure><\/div><\/div><\/div>\n<\/div>\n<\/div>\n\n\n\n<div class=\"wp-block-media-text is-stacked-on-mobile\" style=\"grid-template-columns:32% auto\"><figure class=\"wp-block-media-text__media\"><img loading=\"lazy\" decoding=\"async\" width=\"480\" height=\"394\" src=\"https:\/\/cflformationchr.fr\/wp-content\/uploads\/2025\/05\/1.png\" alt=\"\" class=\"wp-image-2355 size-full\" srcset=\"https:\/\/cflformationchr.fr\/wp-content\/uploads\/2025\/05\/1.png 480w, https:\/\/cflformationchr.fr\/wp-content\/uploads\/2025\/05\/1-300x246.png 300w\" sizes=\"(max-width: 480px) 100vw, 480px\" \/><\/figure><div class=\"wp-block-media-text__content\">\n<p class=\"has-vivid-cyan-blue-color has-text-color has-link-color has-large-font-size wp-elements-9020bd0e4e2da52dc3133a089ae4c79d\" style=\"text-decoration:underline\"><strong><em>Objectif<\/em><\/strong><\/p>\n\n\n\n<p>G\u00e9rer un \u00e9tablissement de restauration commerciale en respectant les bonnes pratiques d\u2019hygi\u00e8ne.<\/p>\n<\/div><\/div>\n\n\n\n<p><\/p>\n\n\n\n<div class=\"wp-block-columns is-layout-flex wp-container-core-columns-is-layout-2 wp-block-columns-is-layout-flex\">\n<div class=\"wp-block-column is-layout-flow wp-block-column-is-layout-flow\" style=\"flex-basis:25%\"><div class=\"wp-block-image\">\n<figure class=\"aligncenter size-full is-resized\"><img loading=\"lazy\" decoding=\"async\" width=\"176\" height=\"220\" src=\"https:\/\/cflformationchr.fr\/wp-content\/uploads\/2025\/05\/test-2.gif\" alt=\"\" class=\"wp-image-2269\" style=\"width:71px;height:auto\"\/><\/figure><\/div><\/div>\n\n\n\n<div class=\"wp-block-column is-layout-flow wp-block-column-is-layout-flow\" style=\"flex-basis:50%\">\n<p class=\"has-text-align-center\">Cliquer <a href=\"https:\/\/forms.gle\/ED971Tjtg4tEdstw7\">ici<\/a> afin d&#8217;effectuer votre test d&#8217;auto positionnement<\/p>\n<\/div>\n\n\n\n<div class=\"wp-block-column is-layout-flow wp-block-column-is-layout-flow\" style=\"flex-basis:25%\"><div class=\"wp-block-image\">\n<figure class=\"aligncenter size-full is-resized\"><img loading=\"lazy\" decoding=\"async\" width=\"176\" height=\"220\" src=\"https:\/\/cflformationchr.fr\/wp-content\/uploads\/2025\/05\/test-3.gif\" alt=\"\" class=\"wp-image-2270\" style=\"width:74px;height:auto\"\/><\/figure><\/div><\/div>\n<\/div>\n\n\n\n<div data-wp-interactive=\"core\/file\" class=\"wp-block-file\"><object data-wp-bind--hidden=\"!state.hasPdfPreview\"  class=\"wp-block-file__embed\" data=\"https:\/\/cflformationchr.fr\/wp-content\/uploads\/2025\/05\/Programme-de-formation-HACCP-V1-MAJ-07.05.2025-1.pdf\" type=\"application\/pdf\" style=\"width:100%;height:600px\" aria-label=\"Contenu embarqu\u00e9 Programme-de-formation-HACCP-V1-MAJ-07.05.2025-1.\"><\/object><a id=\"wp-block-file--media-4da34ec1-b177-4600-91e9-18b63486f22d\" href=\"https:\/\/cflformationchr.fr\/wp-content\/uploads\/2025\/05\/Programme-de-formation-HACCP-V1-MAJ-07.05.2025-1.pdf\">Programme-de-formation-HACCP-V1-MAJ-07.05.2025-1<\/a><a href=\"https:\/\/cflformationchr.fr\/wp-content\/uploads\/2025\/05\/Programme-de-formation-HACCP-V1-MAJ-07.05.2025-1.pdf\" class=\"wp-block-file__button wp-element-button\" download aria-describedby=\"wp-block-file--media-4da34ec1-b177-4600-91e9-18b63486f22d\">T\u00e9l\u00e9charger<\/a><\/div>\n\n\n\n<figure class=\"wp-block-image size-large\"><img loading=\"lazy\" decoding=\"async\" width=\"1024\" height=\"322\" src=\"https:\/\/cflformationchr.fr\/wp-content\/uploads\/2025\/05\/Statistique-Hygiene-Alimentaire-1024x322.png\" alt=\"\" class=\"wp-image-2361\" srcset=\"https:\/\/cflformationchr.fr\/wp-content\/uploads\/2025\/05\/Statistique-Hygiene-Alimentaire-1024x322.png 1024w, https:\/\/cflformationchr.fr\/wp-content\/uploads\/2025\/05\/Statistique-Hygiene-Alimentaire-300x94.png 300w, https:\/\/cflformationchr.fr\/wp-content\/uploads\/2025\/05\/Statistique-Hygiene-Alimentaire-768x241.png 768w, https:\/\/cflformationchr.fr\/wp-content\/uploads\/2025\/05\/Statistique-Hygiene-Alimentaire.png 1500w\" sizes=\"(max-width: 1024px) 100vw, 1024px\" \/><\/figure>\n","protected":false},"excerpt":{"rendered":"<p>Objectif G\u00e9rer un \u00e9tablissement de restauration commerciale en respectant les bonnes pratiques d\u2019hygi\u00e8ne. Cliquer ici afin d&#8217;effectuer votre test d&#8217;auto positionnement<\/p>\n","protected":false},"author":1,"featured_media":0,"parent":0,"menu_order":0,"comment_status":"closed","ping_status":"closed","template":"","meta":{"footnotes":""},"_links":{"self":[{"href":"https:\/\/cflformationchr.fr\/index.php\/wp-json\/wp\/v2\/pages\/121"}],"collection":[{"href":"https:\/\/cflformationchr.fr\/index.php\/wp-json\/wp\/v2\/pages"}],"about":[{"href":"https:\/\/cflformationchr.fr\/index.php\/wp-json\/wp\/v2\/types\/page"}],"author":[{"embeddable":true,"href":"https:\/\/cflformationchr.fr\/index.php\/wp-json\/wp\/v2\/users\/1"}],"replies":[{"embeddable":true,"href":"https:\/\/cflformationchr.fr\/index.php\/wp-json\/wp\/v2\/comments?post=121"}],"version-history":[{"count":64,"href":"https:\/\/cflformationchr.fr\/index.php\/wp-json\/wp\/v2\/pages\/121\/revisions"}],"predecessor-version":[{"id":2362,"href":"https:\/\/cflformationchr.fr\/index.php\/wp-json\/wp\/v2\/pages\/121\/revisions\/2362"}],"wp:attachment":[{"href":"https:\/\/cflformationchr.fr\/index.php\/wp-json\/wp\/v2\/media?parent=121"}],"curies":[{"name":"wp","href":"https:\/\/api.w.org\/{rel}","templated":true}]}}