{"id":1247,"date":"2022-09-28T17:35:45","date_gmt":"2022-09-28T15:35:45","guid":{"rendered":"http:\/\/cflformationchr.fr\/?page_id=1247"},"modified":"2025-06-06T11:22:11","modified_gmt":"2025-06-06T09:22:11","slug":"creation-dun-plan-de-maitrise-sanitaire-en-restauration-commercial","status":"publish","type":"page","link":"https:\/\/cflformationchr.fr\/index.php\/creation-dun-plan-de-maitrise-sanitaire-en-restauration-commercial\/","title":{"rendered":"Cr\u00e9ation d&#8217;un Plan de Ma\u00eetrise Sanitaire en Restauration Commercial"},"content":{"rendered":"\n<figure class=\"wp-block-image size-full\"><img loading=\"lazy\" decoding=\"async\" width=\"960\" height=\"455\" src=\"https:\/\/cflformationchr.fr\/wp-content\/uploads\/2025\/02\/Formation-PMS-2.jpg\" alt=\"\" class=\"wp-image-2125\" srcset=\"https:\/\/cflformationchr.fr\/wp-content\/uploads\/2025\/02\/Formation-PMS-2.jpg 960w, https:\/\/cflformationchr.fr\/wp-content\/uploads\/2025\/02\/Formation-PMS-2-300x142.jpg 300w, https:\/\/cflformationchr.fr\/wp-content\/uploads\/2025\/02\/Formation-PMS-2-768x364.jpg 768w\" sizes=\"(max-width: 960px) 100vw, 960px\" \/><\/figure>\n\n\n\n<div class=\"wp-block-media-text is-stacked-on-mobile\" style=\"grid-template-columns:31% auto\"><figure class=\"wp-block-media-text__media\"><img loading=\"lazy\" decoding=\"async\" width=\"295\" height=\"248\" src=\"https:\/\/cflformationchr.fr\/wp-content\/uploads\/2025\/05\/3-2.png\" alt=\"\" class=\"wp-image-2349 size-full\"\/><\/figure><div class=\"wp-block-media-text__content\">\n<p class=\"has-vivid-cyan-blue-color has-text-color has-link-color has-large-font-size wp-elements-57a6cea59f9cf3ee8a3d8d5308c383fe\" style=\"text-decoration:underline\"><strong><em>Objectifs<\/em><\/strong><\/p>\n\n\n\n<p>G\u00e9rer un \u00e9tablissement de restauration commerciale en respectant les bonnes pratiques d\u2019hygi\u00e8ne.<\/p>\n\n\n\n<p>Savoir cr\u00e9er un syst\u00e8me de management de la s\u00e9curit\u00e9 alimentaire.<\/p>\n<\/div><\/div>\n\n\n\n<p><\/p>\n\n\n\n<div class=\"wp-block-columns is-layout-flex wp-container-core-columns-is-layout-1 wp-block-columns-is-layout-flex\">\n<div class=\"wp-block-column is-layout-flow wp-block-column-is-layout-flow\" style=\"flex-basis:25%\"><div class=\"wp-block-image\">\n<figure class=\"aligncenter size-full is-resized\"><img loading=\"lazy\" decoding=\"async\" width=\"176\" height=\"220\" src=\"https:\/\/cflformationchr.fr\/wp-content\/uploads\/2025\/05\/test-6.gif\" alt=\"\" class=\"wp-image-2309\" style=\"width:75px;height:auto\"\/><\/figure><\/div><\/div>\n\n\n\n<div class=\"wp-block-column is-layout-flow wp-block-column-is-layout-flow\" style=\"flex-basis:50%\">\n<p class=\"has-text-align-center\">Cliquer <a href=\"https:\/\/forms.gle\/K2gfUtFm4LPEu8dZ8\">ici<\/a> afin d\u2019effectuer votre test d\u2019auto positionnement<\/p>\n<\/div>\n\n\n\n<div class=\"wp-block-column is-layout-flow wp-block-column-is-layout-flow\" style=\"flex-basis:25%\"><div class=\"wp-block-image\">\n<figure class=\"aligncenter size-full is-resized\"><img loading=\"lazy\" decoding=\"async\" width=\"176\" height=\"220\" src=\"https:\/\/cflformationchr.fr\/wp-content\/uploads\/2025\/05\/test-6.gif\" alt=\"\" class=\"wp-image-2309\" style=\"width:76px;height:auto\"\/><\/figure><\/div><\/div>\n<\/div>\n\n\n\n<div data-wp-interactive=\"core\/file\" class=\"wp-block-file\"><object data-wp-bind--hidden=\"!state.hasPdfPreview\"  class=\"wp-block-file__embed\" data=\"https:\/\/cflformationchr.fr\/wp-content\/uploads\/2025\/05\/Programme-de-formation-CREATION-PMS-V1-MAJ-05.07.2025.pdf\" type=\"application\/pdf\" style=\"width:100%;height:600px\" aria-label=\"Contenu embarqu\u00e9 Programme-de-formation-CREATION-PMS-V1-MAJ-05.07.2025.\"><\/object><a id=\"wp-block-file--media-bfa60612-2bbc-4f93-bfba-846bedeeed77\" href=\"https:\/\/cflformationchr.fr\/wp-content\/uploads\/2025\/05\/Programme-de-formation-CREATION-PMS-V1-MAJ-05.07.2025.pdf\">Programme-de-formation-CREATION-PMS-V1-MAJ-05.07.2025<\/a><a href=\"https:\/\/cflformationchr.fr\/wp-content\/uploads\/2025\/05\/Programme-de-formation-CREATION-PMS-V1-MAJ-05.07.2025.pdf\" class=\"wp-block-file__button wp-element-button\" download aria-describedby=\"wp-block-file--media-bfa60612-2bbc-4f93-bfba-846bedeeed77\">T\u00e9l\u00e9charger<\/a><\/div>\n\n\n\n<figure class=\"wp-block-image size-large\"><img loading=\"lazy\" decoding=\"async\" width=\"1024\" height=\"314\" src=\"https:\/\/cflformationchr.fr\/wp-content\/uploads\/2025\/06\/Statistique-PMS-1-1024x314.png\" alt=\"\" class=\"wp-image-2372\" srcset=\"https:\/\/cflformationchr.fr\/wp-content\/uploads\/2025\/06\/Statistique-PMS-1-1024x314.png 1024w, https:\/\/cflformationchr.fr\/wp-content\/uploads\/2025\/06\/Statistique-PMS-1-300x92.png 300w, https:\/\/cflformationchr.fr\/wp-content\/uploads\/2025\/06\/Statistique-PMS-1-768x236.png 768w, https:\/\/cflformationchr.fr\/wp-content\/uploads\/2025\/06\/Statistique-PMS-1-1536x472.png 1536w, https:\/\/cflformationchr.fr\/wp-content\/uploads\/2025\/06\/Statistique-PMS-1.png 1593w\" sizes=\"(max-width: 1024px) 100vw, 1024px\" \/><\/figure>\n","protected":false},"excerpt":{"rendered":"<p>Objectifs G\u00e9rer un \u00e9tablissement de restauration commerciale en respectant les bonnes pratiques d\u2019hygi\u00e8ne. Savoir cr\u00e9er un syst\u00e8me de management de la s\u00e9curit\u00e9 alimentaire. Cliquer ici &hellip; <\/p>\n","protected":false},"author":1,"featured_media":0,"parent":0,"menu_order":0,"comment_status":"closed","ping_status":"closed","template":"","meta":{"footnotes":""},"_links":{"self":[{"href":"https:\/\/cflformationchr.fr\/index.php\/wp-json\/wp\/v2\/pages\/1247"}],"collection":[{"href":"https:\/\/cflformationchr.fr\/index.php\/wp-json\/wp\/v2\/pages"}],"about":[{"href":"https:\/\/cflformationchr.fr\/index.php\/wp-json\/wp\/v2\/types\/page"}],"author":[{"embeddable":true,"href":"https:\/\/cflformationchr.fr\/index.php\/wp-json\/wp\/v2\/users\/1"}],"replies":[{"embeddable":true,"href":"https:\/\/cflformationchr.fr\/index.php\/wp-json\/wp\/v2\/comments?post=1247"}],"version-history":[{"count":23,"href":"https:\/\/cflformationchr.fr\/index.php\/wp-json\/wp\/v2\/pages\/1247\/revisions"}],"predecessor-version":[{"id":2374,"href":"https:\/\/cflformationchr.fr\/index.php\/wp-json\/wp\/v2\/pages\/1247\/revisions\/2374"}],"wp:attachment":[{"href":"https:\/\/cflformationchr.fr\/index.php\/wp-json\/wp\/v2\/media?parent=1247"}],"curies":[{"name":"wp","href":"https:\/\/api.w.org\/{rel}","templated":true}]}}