{"id":1331,"date":"2022-11-04T15:42:28","date_gmt":"2022-11-04T14:42:28","guid":{"rendered":"http:\/\/cflformationchr.fr\/?page_id=1331"},"modified":"2025-05-23T08:30:32","modified_gmt":"2025-05-23T06:30:32","slug":"formation-allergenes","status":"publish","type":"page","link":"https:\/\/cflformationchr.fr\/index.php\/formation-allergenes\/","title":{"rendered":"Formation Allerg\u00e8nes"},"content":{"rendered":"\n<figure class=\"wp-block-image size-full\"><img loading=\"lazy\" decoding=\"async\" width=\"960\" height=\"455\" src=\"https:\/\/cflformationchr.fr\/wp-content\/uploads\/2025\/02\/Formation-Alergenes-2.jpg\" alt=\"\" class=\"wp-image-2128\" srcset=\"https:\/\/cflformationchr.fr\/wp-content\/uploads\/2025\/02\/Formation-Alergenes-2.jpg 960w, https:\/\/cflformationchr.fr\/wp-content\/uploads\/2025\/02\/Formation-Alergenes-2-300x142.jpg 300w, https:\/\/cflformationchr.fr\/wp-content\/uploads\/2025\/02\/Formation-Alergenes-2-768x364.jpg 768w\" sizes=\"(max-width: 960px) 100vw, 960px\" \/><\/figure>\n\n\n\n<div class=\"wp-block-media-text is-stacked-on-mobile\" style=\"grid-template-columns:42% auto\"><figure class=\"wp-block-media-text__media\"><img loading=\"lazy\" decoding=\"async\" width=\"471\" height=\"409\" src=\"https:\/\/cflformationchr.fr\/wp-content\/uploads\/2025\/05\/6-1.png\" alt=\"\" class=\"wp-image-2357 size-full\" srcset=\"https:\/\/cflformationchr.fr\/wp-content\/uploads\/2025\/05\/6-1.png 471w, https:\/\/cflformationchr.fr\/wp-content\/uploads\/2025\/05\/6-1-300x261.png 300w\" sizes=\"(max-width: 471px) 100vw, 471px\" \/><\/figure><div class=\"wp-block-media-text__content\">\n<p class=\"has-vivid-cyan-blue-color has-text-color has-link-color has-large-font-size wp-elements-ab81d0f5461619070aa3522bf1b5fd4b\" style=\"text-decoration:underline\"><strong><em>Objectifs<\/em><\/strong><\/p>\n\n\n\n<p>Identifier les situations \u00e0 risque dans leur \u00e9tablissement<\/p>\n\n\n\n<p>Conna\u00eetre les principaux allerg\u00e8nes et aliments associ\u00e9s<\/p>\n\n\n\n<p>Accompagner le consommateur dans le choix de ses consommations alimentaires<\/p>\n\n\n\n<p>Conna\u00eetre la r\u00e9glementation sur les allerg\u00e8nes<\/p>\n\n\n\n<p>Mettre en place des outils pr\u00e9ventifs dans leur \u00e9tablissement<\/p>\n\n\n\n<p>Informer leur personnel sur les risques li\u00e9s aux allerg\u00e8nes<\/p>\n<\/div><\/div>\n\n\n\n<p><\/p>\n\n\n\n<div class=\"wp-block-columns is-layout-flex wp-container-core-columns-is-layout-1 wp-block-columns-is-layout-flex\">\n<div class=\"wp-block-column is-layout-flow wp-block-column-is-layout-flow\" style=\"flex-basis:25%\"><div class=\"wp-block-image\">\n<figure class=\"aligncenter size-full is-resized\"><img loading=\"lazy\" decoding=\"async\" width=\"176\" height=\"220\" src=\"https:\/\/cflformationchr.fr\/wp-content\/uploads\/2025\/05\/test-6.gif\" alt=\"\" class=\"wp-image-2309\" style=\"width:84px;height:auto\"\/><\/figure><\/div><\/div>\n\n\n\n<div class=\"wp-block-column is-layout-flow wp-block-column-is-layout-flow\" style=\"flex-basis:50%\">\n<p class=\"has-text-align-center\">Cliquer <a href=\"https:\/\/forms.gle\/pM916ybWJPRr6fw2A\">ici<\/a> afin d\u2019effectuer votre test d\u2019auto positionnement<\/p>\n<\/div>\n\n\n\n<div class=\"wp-block-column is-layout-flow wp-block-column-is-layout-flow\" style=\"flex-basis:25%\"><div class=\"wp-block-image\">\n<figure class=\"aligncenter size-full is-resized\"><img loading=\"lazy\" decoding=\"async\" width=\"176\" height=\"220\" src=\"https:\/\/cflformationchr.fr\/wp-content\/uploads\/2025\/05\/test-6.gif\" alt=\"\" class=\"wp-image-2309\" style=\"width:84px;height:auto\"\/><\/figure><\/div><\/div>\n<\/div>\n\n\n\n<div data-wp-interactive=\"core\/file\" class=\"wp-block-file\"><object data-wp-bind--hidden=\"!state.hasPdfPreview\"  class=\"wp-block-file__embed\" data=\"https:\/\/cflformationchr.fr\/wp-content\/uploads\/2025\/05\/Programme-de-formation-ALLERGENES-V1-MAJ-07.05.2025.pdf\" type=\"application\/pdf\" style=\"width:100%;height:600px\" aria-label=\"Contenu embarqu\u00e9 Programme-de-formation-ALLERGENES-V1-MAJ-07.05.2025.\"><\/object><a id=\"wp-block-file--media-01bf8b22-5af2-4303-b35c-4d58bd80c82a\" href=\"https:\/\/cflformationchr.fr\/wp-content\/uploads\/2025\/05\/Programme-de-formation-ALLERGENES-V1-MAJ-07.05.2025.pdf\">Programme-de-formation-ALLERGENES-V1-MAJ-07.05.2025<\/a><a href=\"https:\/\/cflformationchr.fr\/wp-content\/uploads\/2025\/05\/Programme-de-formation-ALLERGENES-V1-MAJ-07.05.2025.pdf\" class=\"wp-block-file__button wp-element-button\" download aria-describedby=\"wp-block-file--media-01bf8b22-5af2-4303-b35c-4d58bd80c82a\">T\u00e9l\u00e9charger<\/a><\/div>\n","protected":false},"excerpt":{"rendered":"<p>Objectifs Identifier les situations \u00e0 risque dans leur \u00e9tablissement Conna\u00eetre les principaux allerg\u00e8nes et aliments associ\u00e9s Accompagner le consommateur dans le choix de ses consommations &hellip; <\/p>\n","protected":false},"author":1,"featured_media":0,"parent":0,"menu_order":0,"comment_status":"closed","ping_status":"closed","template":"","meta":{"footnotes":""},"_links":{"self":[{"href":"https:\/\/cflformationchr.fr\/index.php\/wp-json\/wp\/v2\/pages\/1331"}],"collection":[{"href":"https:\/\/cflformationchr.fr\/index.php\/wp-json\/wp\/v2\/pages"}],"about":[{"href":"https:\/\/cflformationchr.fr\/index.php\/wp-json\/wp\/v2\/types\/page"}],"author":[{"embeddable":true,"href":"https:\/\/cflformationchr.fr\/index.php\/wp-json\/wp\/v2\/users\/1"}],"replies":[{"embeddable":true,"href":"https:\/\/cflformationchr.fr\/index.php\/wp-json\/wp\/v2\/comments?post=1331"}],"version-history":[{"count":19,"href":"https:\/\/cflformationchr.fr\/index.php\/wp-json\/wp\/v2\/pages\/1331\/revisions"}],"predecessor-version":[{"id":2358,"href":"https:\/\/cflformationchr.fr\/index.php\/wp-json\/wp\/v2\/pages\/1331\/revisions\/2358"}],"wp:attachment":[{"href":"https:\/\/cflformationchr.fr\/index.php\/wp-json\/wp\/v2\/media?parent=1331"}],"curies":[{"name":"wp","href":"https:\/\/api.w.org\/{rel}","templated":true}]}}