{"id":1452,"date":"2023-06-02T11:37:35","date_gmt":"2023-06-02T09:37:35","guid":{"rendered":"https:\/\/cflformationchr.fr\/?page_id=1452"},"modified":"2026-03-11T11:13:24","modified_gmt":"2026-03-11T10:13:24","slug":"nos-agrements","status":"publish","type":"page","link":"https:\/\/cflformationchr.fr\/index.php\/nos-agrements\/","title":{"rendered":"Nos Agr\u00e9ments et Certifications"},"content":{"rendered":"<div class=\"wp-block-image is-resized\">\n<figure class=\"aligncenter size-full\"><img loading=\"lazy\" decoding=\"async\" width=\"328\" height=\"327\" src=\"https:\/\/cflformationchr.fr\/wp-content\/uploads\/2024\/04\/badge-iprp.png\" alt=\"\" class=\"wp-image-1741\" srcset=\"https:\/\/cflformationchr.fr\/wp-content\/uploads\/2024\/04\/badge-iprp.png 328w, https:\/\/cflformationchr.fr\/wp-content\/uploads\/2024\/04\/badge-iprp-300x300.png 300w, https:\/\/cflformationchr.fr\/wp-content\/uploads\/2024\/04\/badge-iprp-150x150.png 150w, https:\/\/cflformationchr.fr\/wp-content\/uploads\/2024\/04\/badge-iprp-60x60.png 60w\" sizes=\"(max-width: 328px) 100vw, 328px\" \/><\/figure><\/div>\n\n\n<p class=\"has-text-align-center\">Organisme de Formation disposant de l&#8217;enregistrement aupr\u00e8s de la DREETS Normandie afin d&#8217;intervenir sur des missions d&#8217;Intervenant en Pr\u00e9vention des Risques Professionnels<\/p>\n\n\n<div class=\"wp-block-image is-resized\">\n<figure class=\"aligncenter size-full\"><img loading=\"lazy\" decoding=\"async\" width=\"591\" height=\"364\" src=\"https:\/\/cflformationchr.fr\/wp-content\/uploads\/2023\/11\/LOGO.png\" alt=\"\" class=\"wp-image-1639\" srcset=\"https:\/\/cflformationchr.fr\/wp-content\/uploads\/2023\/11\/LOGO.png 591w, https:\/\/cflformationchr.fr\/wp-content\/uploads\/2023\/11\/LOGO-300x185.png 300w, https:\/\/cflformationchr.fr\/wp-content\/uploads\/2023\/11\/LOGO-97x60.png 97w\" sizes=\"(max-width: 591px) 100vw, 591px\" \/><\/figure><\/div>\n\n\n<p class=\"has-text-align-center\">Organisme de Formation disposant de la Certification QUALIOPI afin de vous fournir des formations de qualit\u00e9s ainsi que la possibilit\u00e9 de prise en charges financi\u00e8res par les OPCO<\/p>\n\n\n\n<div data-wp-interactive=\"core\/file\" class=\"wp-block-file\"><object data-wp-bind--hidden=\"!state.hasPdfPreview\"  class=\"wp-block-file__embed\" data=\"https:\/\/cflformationchr.fr\/wp-content\/uploads\/2025\/05\/586295-44650-Certificat-Qualiopi-renouvellement-Cofrac.pdf\" type=\"application\/pdf\" style=\"width:100%;height:600px\" aria-label=\"Contenu embarqu\u00e9 586295-44650-Certificat-Qualiopi-renouvellement-Cofrac.\"><\/object><a id=\"wp-block-file--media-b09435c2-1df0-4d60-aa05-33d84a7452a5\" href=\"https:\/\/cflformationchr.fr\/wp-content\/uploads\/2025\/05\/586295-44650-Certificat-Qualiopi-renouvellement-Cofrac.pdf\">586295-44650-Certificat-Qualiopi-renouvellement-Cofrac<\/a><a href=\"https:\/\/cflformationchr.fr\/wp-content\/uploads\/2025\/05\/586295-44650-Certificat-Qualiopi-renouvellement-Cofrac.pdf\" class=\"wp-block-file__button wp-element-button\" download aria-describedby=\"wp-block-file--media-b09435c2-1df0-4d60-aa05-33d84a7452a5\">T\u00e9l\u00e9charger<\/a><\/div>\n\n\n<div class=\"wp-block-image is-resized\">\n<figure class=\"aligncenter size-large\"><img loading=\"lazy\" decoding=\"async\" width=\"1024\" height=\"648\" src=\"https:\/\/cflformationchr.fr\/wp-content\/uploads\/2023\/06\/Ministere_de_lAgriculture_et_de_la_Souverainete_alimentaire.svg_-1-1024x648.png\" alt=\"\" class=\"wp-image-1460\" srcset=\"https:\/\/cflformationchr.fr\/wp-content\/uploads\/2023\/06\/Ministere_de_lAgriculture_et_de_la_Souverainete_alimentaire.svg_-1-1024x648.png 1024w, https:\/\/cflformationchr.fr\/wp-content\/uploads\/2023\/06\/Ministere_de_lAgriculture_et_de_la_Souverainete_alimentaire.svg_-1-300x190.png 300w, https:\/\/cflformationchr.fr\/wp-content\/uploads\/2023\/06\/Ministere_de_lAgriculture_et_de_la_Souverainete_alimentaire.svg_-1-768x486.png 768w, https:\/\/cflformationchr.fr\/wp-content\/uploads\/2023\/06\/Ministere_de_lAgriculture_et_de_la_Souverainete_alimentaire.svg_-1-1536x973.png 1536w, https:\/\/cflformationchr.fr\/wp-content\/uploads\/2023\/06\/Ministere_de_lAgriculture_et_de_la_Souverainete_alimentaire.svg_-1-2048x1297.png 2048w, https:\/\/cflformationchr.fr\/wp-content\/uploads\/2023\/06\/Ministere_de_lAgriculture_et_de_la_Souverainete_alimentaire.svg_-1-95x60.png 95w\" sizes=\"(max-width: 1024px) 100vw, 1024px\" \/><\/figure><\/div>\n\n\n<p class=\"has-text-align-center\">Agr\u00e9ment du Minist\u00e8re de l&#8217;Agriculture et de la Souverainet\u00e9 Alimentaire sous le num\u00e9ro 280360082023 pour la d\u00e9livrance de votre certificat d&#8217;Attestation de formation sp\u00e9cifique en hygi\u00e8ne alimentaire adapt\u00e9e \u00e0 l&#8217;activit\u00e9 des \u00e9tablissements de restauration commerciale<\/p>\n\n\n<div class=\"wp-block-image is-resized\">\n<figure class=\"aligncenter size-full\"><img loading=\"lazy\" decoding=\"async\" width=\"449\" height=\"314\" src=\"https:\/\/cflformationchr.fr\/wp-content\/uploads\/2023\/06\/LOGO-MINISTERE-INTERIEUR.jpg\" alt=\"\" class=\"wp-image-1459\" srcset=\"https:\/\/cflformationchr.fr\/wp-content\/uploads\/2023\/06\/LOGO-MINISTERE-INTERIEUR.jpg 449w, https:\/\/cflformationchr.fr\/wp-content\/uploads\/2023\/06\/LOGO-MINISTERE-INTERIEUR-300x210.jpg 300w, https:\/\/cflformationchr.fr\/wp-content\/uploads\/2023\/06\/LOGO-MINISTERE-INTERIEUR-86x60.jpg 86w\" sizes=\"(max-width: 449px) 100vw, 449px\" \/><\/figure><\/div>\n\n\n<p class=\"has-text-align-center\">Agr\u00e9ment du minist\u00e8re de l&#8217;int\u00e9rieur sous le num\u00e9ro INTD1227976A pour la d\u00e9livrance de votre           certificat de Permis d&#8217;Exploitation d\u00e9bit de boisson<\/p>\n","protected":false},"excerpt":{"rendered":"<p>Organisme de Formation disposant de l&#8217;enregistrement aupr\u00e8s de la DREETS Normandie afin d&#8217;intervenir sur des missions d&#8217;Intervenant en Pr\u00e9vention des Risques Professionnels Organisme de Formation &hellip; <\/p>\n","protected":false},"author":1,"featured_media":0,"parent":0,"menu_order":0,"comment_status":"closed","ping_status":"closed","template":"","meta":{"footnotes":""},"_links":{"self":[{"href":"https:\/\/cflformationchr.fr\/index.php\/wp-json\/wp\/v2\/pages\/1452"}],"collection":[{"href":"https:\/\/cflformationchr.fr\/index.php\/wp-json\/wp\/v2\/pages"}],"about":[{"href":"https:\/\/cflformationchr.fr\/index.php\/wp-json\/wp\/v2\/types\/page"}],"author":[{"embeddable":true,"href":"https:\/\/cflformationchr.fr\/index.php\/wp-json\/wp\/v2\/users\/1"}],"replies":[{"embeddable":true,"href":"https:\/\/cflformationchr.fr\/index.php\/wp-json\/wp\/v2\/comments?post=1452"}],"version-history":[{"count":16,"href":"https:\/\/cflformationchr.fr\/index.php\/wp-json\/wp\/v2\/pages\/1452\/revisions"}],"predecessor-version":[{"id":2430,"href":"https:\/\/cflformationchr.fr\/index.php\/wp-json\/wp\/v2\/pages\/1452\/revisions\/2430"}],"wp:attachment":[{"href":"https:\/\/cflformationchr.fr\/index.php\/wp-json\/wp\/v2\/media?parent=1452"}],"curies":[{"name":"wp","href":"https:\/\/api.w.org\/{rel}","templated":true}]}}