{"id":1476,"date":"2023-06-02T13:12:19","date_gmt":"2023-06-02T11:12:19","guid":{"rendered":"https:\/\/cflformationchr.fr\/?page_id=1476"},"modified":"2025-11-14T11:08:00","modified_gmt":"2025-11-14T10:08:00","slug":"permis-dexploitation-debit-de-boisson","status":"publish","type":"page","link":"https:\/\/cflformationchr.fr\/index.php\/permis-dexploitation-debit-de-boisson\/","title":{"rendered":"Permis d&#8217;Exploitation D\u00e9bit de Boissons"},"content":{"rendered":"\n<figure class=\"wp-block-image size-full\"><img loading=\"lazy\" decoding=\"async\" width=\"960\" height=\"455\" src=\"https:\/\/cflformationchr.fr\/wp-content\/uploads\/2025\/02\/PERMIS-DEXPLOITATION-1.jpg\" alt=\"\" class=\"wp-image-2120\" srcset=\"https:\/\/cflformationchr.fr\/wp-content\/uploads\/2025\/02\/PERMIS-DEXPLOITATION-1.jpg 960w, https:\/\/cflformationchr.fr\/wp-content\/uploads\/2025\/02\/PERMIS-DEXPLOITATION-1-300x142.jpg 300w, https:\/\/cflformationchr.fr\/wp-content\/uploads\/2025\/02\/PERMIS-DEXPLOITATION-1-768x364.jpg 768w\" sizes=\"(max-width: 960px) 100vw, 960px\" \/><\/figure>\n\n\n\n<div class=\"wp-block-media-text is-stacked-on-mobile\" style=\"grid-template-columns:24% auto\"><figure class=\"wp-block-media-text__media\"><img loading=\"lazy\" decoding=\"async\" width=\"330\" height=\"371\" src=\"https:\/\/cflformationchr.fr\/wp-content\/uploads\/2025\/05\/2.png\" alt=\"\" class=\"wp-image-2283 size-full\" srcset=\"https:\/\/cflformationchr.fr\/wp-content\/uploads\/2025\/05\/2.png 330w, https:\/\/cflformationchr.fr\/wp-content\/uploads\/2025\/05\/2-267x300.png 267w\" sizes=\"(max-width: 330px) 100vw, 330px\" \/><\/figure><div class=\"wp-block-media-text__content\">\n<p class=\"has-vivid-cyan-blue-color has-text-color has-link-color has-large-font-size wp-elements-ab81d0f5461619070aa3522bf1b5fd4b\" style=\"text-decoration:underline\"><strong><em>Objectifs<\/em><\/strong><\/p>\n\n\n\n<p>G\u00e9rer un d\u00e9bit de boissons en conformit\u00e9 avec la r\u00e9glementation en tenant compte des enjeux de sant\u00e9 publique.<\/p>\n\n\n\n<p>Permettre l\u2019ouverture d\u2019un d\u00e9bit de boissons<\/p>\n<\/div><\/div>\n\n\n\n<p><\/p>\n\n\n\n<div data-wp-interactive=\"core\/file\" class=\"wp-block-file\"><object data-wp-bind--hidden=\"!state.hasPdfPreview\"  class=\"wp-block-file__embed\" data=\"https:\/\/cflformationchr.fr\/wp-content\/uploads\/2025\/11\/Programme-de-formation-PERMIS-DEXPLOITATION-V1-MAJ-07.05.2025.pdf\" type=\"application\/pdf\" style=\"width:100%;height:600px\" aria-label=\"Contenu embarqu\u00e9 Programme-de-formation-PERMIS-DEXPLOITATION-V1-MAJ-07.05.2025.\"><\/object><a id=\"wp-block-file--media-bd3083fb-c14c-4b52-b04b-6beaa45d69b0\" href=\"https:\/\/cflformationchr.fr\/wp-content\/uploads\/2025\/11\/Programme-de-formation-PERMIS-DEXPLOITATION-V1-MAJ-07.05.2025.pdf\">Programme-de-formation-PERMIS-DEXPLOITATION-V1-MAJ-07.05.2025<\/a><a href=\"https:\/\/cflformationchr.fr\/wp-content\/uploads\/2025\/11\/Programme-de-formation-PERMIS-DEXPLOITATION-V1-MAJ-07.05.2025.pdf\" class=\"wp-block-file__button wp-element-button\" download aria-describedby=\"wp-block-file--media-bd3083fb-c14c-4b52-b04b-6beaa45d69b0\">T\u00e9l\u00e9charger<\/a><\/div>\n\n\n\n<div class=\"wp-block-columns is-layout-flex wp-container-core-columns-is-layout-1 wp-block-columns-is-layout-flex\">\n<div class=\"wp-block-column is-layout-flow wp-block-column-is-layout-flow\" style=\"flex-basis:25%\"><div class=\"wp-block-image\">\n<figure class=\"aligncenter size-full is-resized\"><img loading=\"lazy\" decoding=\"async\" width=\"176\" height=\"220\" src=\"https:\/\/cflformationchr.fr\/wp-content\/uploads\/2025\/05\/test-4.gif\" alt=\"\" class=\"wp-image-2273\" style=\"width:71px;height:auto\"\/><\/figure><\/div><\/div>\n\n\n\n<div class=\"wp-block-column is-layout-flow wp-block-column-is-layout-flow\" style=\"flex-basis:50%\">\n<p class=\"has-text-align-center\">Cliquer <a href=\"https:\/\/forms.gle\/4MfNKCmiJVhA6KDj8\">ici<\/a> afin d\u2019effectuer votre test d\u2019auto positionnement<\/p>\n<\/div>\n\n\n\n<div class=\"wp-block-column is-layout-flow wp-block-column-is-layout-flow\" style=\"flex-basis:25%\"><div class=\"wp-block-image\">\n<figure class=\"aligncenter size-full is-resized\"><img loading=\"lazy\" decoding=\"async\" width=\"176\" height=\"220\" src=\"https:\/\/cflformationchr.fr\/wp-content\/uploads\/2025\/05\/test-5.gif\" alt=\"\" class=\"wp-image-2274\" style=\"width:68px;height:auto\"\/><\/figure><\/div><\/div>\n<\/div>\n\n\n\n<div data-wp-interactive=\"core\/file\" class=\"wp-block-file\"><object data-wp-bind--hidden=\"!state.hasPdfPreview\"  class=\"wp-block-file__embed\" data=\"https:\/\/cflformationchr.fr\/wp-content\/uploads\/2025\/11\/Programme-de-formation-PERMIS-DEXPLOITATION-RECYCLAGE-V1-MAJ-05.07.2025.pdf\" type=\"application\/pdf\" style=\"width:100%;height:600px\" aria-label=\"Contenu embarqu\u00e9 Programme-de-formation-PERMIS-DEXPLOITATION-RECYCLAGE-V1-MAJ-05.07.2025.\"><\/object><a id=\"wp-block-file--media-9820e427-b630-4535-9909-206bcd6af49e\" href=\"https:\/\/cflformationchr.fr\/wp-content\/uploads\/2025\/11\/Programme-de-formation-PERMIS-DEXPLOITATION-RECYCLAGE-V1-MAJ-05.07.2025.pdf\">Programme-de-formation-PERMIS-DEXPLOITATION-RECYCLAGE-V1-MAJ-05.07.2025<\/a><a href=\"https:\/\/cflformationchr.fr\/wp-content\/uploads\/2025\/11\/Programme-de-formation-PERMIS-DEXPLOITATION-RECYCLAGE-V1-MAJ-05.07.2025.pdf\" class=\"wp-block-file__button wp-element-button\" download aria-describedby=\"wp-block-file--media-9820e427-b630-4535-9909-206bcd6af49e\">T\u00e9l\u00e9charger<\/a><\/div>\n\n\n\n<div class=\"wp-block-columns is-layout-flex wp-container-core-columns-is-layout-2 wp-block-columns-is-layout-flex\">\n<div class=\"wp-block-column is-layout-flow wp-block-column-is-layout-flow\" style=\"flex-basis:25%\"><div class=\"wp-block-image\">\n<figure class=\"aligncenter size-full is-resized\"><img loading=\"lazy\" decoding=\"async\" width=\"176\" height=\"220\" src=\"https:\/\/cflformationchr.fr\/wp-content\/uploads\/2025\/05\/test-6.gif\" alt=\"\" class=\"wp-image-2309\" style=\"width:76px;height:auto\"\/><\/figure><\/div><\/div>\n\n\n\n<div class=\"wp-block-column is-layout-flow wp-block-column-is-layout-flow\" style=\"flex-basis:50%\">\n<p class=\"has-text-align-center\">Cliquer <a href=\"https:\/\/docs.google.com\/forms\/d\/e\/1FAIpQLScHUq7V0r0Zc3hSbLde6UBK-oOscwltwijJGrml6GzjfrYLLw\/viewform?usp=header\">ici<\/a> afin d\u2019effectuer votre test d\u2019auto positionnement<\/p>\n<\/div>\n\n\n\n<div class=\"wp-block-column is-layout-flow wp-block-column-is-layout-flow\" style=\"flex-basis:25%\"><div class=\"wp-block-image\">\n<figure class=\"aligncenter size-full is-resized\"><img loading=\"lazy\" decoding=\"async\" width=\"176\" height=\"220\" src=\"https:\/\/cflformationchr.fr\/wp-content\/uploads\/2025\/05\/test-6.gif\" alt=\"\" class=\"wp-image-2309\" style=\"width:69px;height:auto\"\/><\/figure><\/div><\/div>\n<\/div>\n\n\n\n<div data-wp-interactive=\"core\/file\" class=\"wp-block-file\"><object data-wp-bind--hidden=\"!state.hasPdfPreview\"  class=\"wp-block-file__embed\" data=\"https:\/\/cflformationchr.fr\/wp-content\/uploads\/2025\/11\/Programme-de-formation-PERMIS-DEXPLOITATION-DES-LOUEURS-DE-CHAMBRES-DHOTES-V1-MAJ-05.07.2025.pdf\" type=\"application\/pdf\" style=\"width:100%;height:600px\" aria-label=\"Contenu embarqu\u00e9 Programme-de-formation-PERMIS-DEXPLOITATION-DES-LOUEURS-DE-CHAMBRES-DHOTES-V1-MAJ-05.07.2025.\"><\/object><a id=\"wp-block-file--media-77407f09-0e2f-4775-a581-5b263ad15b7c\" href=\"https:\/\/cflformationchr.fr\/wp-content\/uploads\/2025\/11\/Programme-de-formation-PERMIS-DEXPLOITATION-DES-LOUEURS-DE-CHAMBRES-DHOTES-V1-MAJ-05.07.2025.pdf\">Programme-de-formation-PERMIS-DEXPLOITATION-DES-LOUEURS-DE-CHAMBRES-DHOTES-V1-MAJ-05.07.2025<\/a><a href=\"https:\/\/cflformationchr.fr\/wp-content\/uploads\/2025\/11\/Programme-de-formation-PERMIS-DEXPLOITATION-DES-LOUEURS-DE-CHAMBRES-DHOTES-V1-MAJ-05.07.2025.pdf\" class=\"wp-block-file__button wp-element-button\" download aria-describedby=\"wp-block-file--media-77407f09-0e2f-4775-a581-5b263ad15b7c\">T\u00e9l\u00e9charger<\/a><\/div>\n\n\n\n<div class=\"wp-block-columns is-layout-flex wp-container-core-columns-is-layout-3 wp-block-columns-is-layout-flex\">\n<div class=\"wp-block-column is-layout-flow wp-block-column-is-layout-flow\" style=\"flex-basis:25%\"><div class=\"wp-block-image\">\n<figure class=\"aligncenter size-full is-resized\"><img loading=\"lazy\" decoding=\"async\" width=\"176\" height=\"220\" src=\"https:\/\/cflformationchr.fr\/wp-content\/uploads\/2025\/05\/test-6.gif\" alt=\"\" class=\"wp-image-2309\" style=\"width:80px;height:auto\"\/><\/figure><\/div><\/div>\n\n\n\n<div class=\"wp-block-column is-layout-flow wp-block-column-is-layout-flow\" style=\"flex-basis:50%\">\n<p class=\"has-text-align-center\">Cliquer <a href=\"https:\/\/docs.google.com\/forms\/d\/e\/1FAIpQLSf0K5yu6v1Lt8s6bRS86cTJ_LJNazDOG1K30oq8Ym6fQQ-XWg\/viewform?usp=header\">ici<\/a> afin d\u2019effectuer votre test d\u2019auto positionnement<\/p>\n<\/div>\n\n\n\n<div class=\"wp-block-column is-layout-flow wp-block-column-is-layout-flow\" style=\"flex-basis:25%\"><div class=\"wp-block-image\">\n<figure class=\"aligncenter size-full is-resized\"><img loading=\"lazy\" decoding=\"async\" width=\"176\" height=\"220\" src=\"https:\/\/cflformationchr.fr\/wp-content\/uploads\/2025\/05\/test-6.gif\" alt=\"\" class=\"wp-image-2309\" style=\"width:84px;height:auto\"\/><\/figure><\/div><\/div>\n<\/div>\n\n\n\n<figure class=\"wp-block-image size-full\"><img loading=\"lazy\" decoding=\"async\" width=\"1034\" height=\"322\" src=\"https:\/\/cflformationchr.fr\/wp-content\/uploads\/2025\/06\/Statistique-PEX.png\" alt=\"\" class=\"wp-image-2368\" srcset=\"https:\/\/cflformationchr.fr\/wp-content\/uploads\/2025\/06\/Statistique-PEX.png 1034w, https:\/\/cflformationchr.fr\/wp-content\/uploads\/2025\/06\/Statistique-PEX-300x93.png 300w, https:\/\/cflformationchr.fr\/wp-content\/uploads\/2025\/06\/Statistique-PEX-1024x319.png 1024w, https:\/\/cflformationchr.fr\/wp-content\/uploads\/2025\/06\/Statistique-PEX-768x239.png 768w\" sizes=\"(max-width: 1034px) 100vw, 1034px\" \/><\/figure>\n","protected":false},"excerpt":{"rendered":"<p>Objectifs G\u00e9rer un d\u00e9bit de boissons en conformit\u00e9 avec la r\u00e9glementation en tenant compte des enjeux de sant\u00e9 publique. Permettre l\u2019ouverture d\u2019un d\u00e9bit de boissons &hellip; <\/p>\n","protected":false},"author":1,"featured_media":0,"parent":0,"menu_order":0,"comment_status":"closed","ping_status":"closed","template":"","meta":{"footnotes":""},"_links":{"self":[{"href":"https:\/\/cflformationchr.fr\/index.php\/wp-json\/wp\/v2\/pages\/1476"}],"collection":[{"href":"https:\/\/cflformationchr.fr\/index.php\/wp-json\/wp\/v2\/pages"}],"about":[{"href":"https:\/\/cflformationchr.fr\/index.php\/wp-json\/wp\/v2\/types\/page"}],"author":[{"embeddable":true,"href":"https:\/\/cflformationchr.fr\/index.php\/wp-json\/wp\/v2\/users\/1"}],"replies":[{"embeddable":true,"href":"https:\/\/cflformationchr.fr\/index.php\/wp-json\/wp\/v2\/comments?post=1476"}],"version-history":[{"count":27,"href":"https:\/\/cflformationchr.fr\/index.php\/wp-json\/wp\/v2\/pages\/1476\/revisions"}],"predecessor-version":[{"id":2419,"href":"https:\/\/cflformationchr.fr\/index.php\/wp-json\/wp\/v2\/pages\/1476\/revisions\/2419"}],"wp:attachment":[{"href":"https:\/\/cflformationchr.fr\/index.php\/wp-json\/wp\/v2\/media?parent=1476"}],"curies":[{"name":"wp","href":"https:\/\/api.w.org\/{rel}","templated":true}]}}