{"id":1577,"date":"2023-08-31T13:12:30","date_gmt":"2023-08-31T11:12:30","guid":{"rendered":"https:\/\/cflformationchr.fr\/?page_id=1577"},"modified":"2025-05-23T08:31:49","modified_gmt":"2025-05-23T06:31:49","slug":"duerp-restauration","status":"publish","type":"page","link":"https:\/\/cflformationchr.fr\/index.php\/duerp-restauration\/","title":{"rendered":"DUERP Restauration Commercial"},"content":{"rendered":"\n<figure class=\"wp-block-image size-full is-resized\"><img loading=\"lazy\" decoding=\"async\" width=\"960\" height=\"455\" src=\"https:\/\/cflformationchr.fr\/wp-content\/uploads\/2025\/02\/DUERP-3.jpg\" alt=\"\" class=\"wp-image-2152\" style=\"width:839px;height:258px\" srcset=\"https:\/\/cflformationchr.fr\/wp-content\/uploads\/2025\/02\/DUERP-3.jpg 960w, https:\/\/cflformationchr.fr\/wp-content\/uploads\/2025\/02\/DUERP-3-300x142.jpg 300w, https:\/\/cflformationchr.fr\/wp-content\/uploads\/2025\/02\/DUERP-3-768x364.jpg 768w\" sizes=\"(max-width: 960px) 100vw, 960px\" \/><\/figure>\n\n\n\n<div class=\"wp-block-media-text is-stacked-on-mobile\" style=\"grid-template-columns:41% auto\"><figure class=\"wp-block-media-text__media\"><img loading=\"lazy\" decoding=\"async\" width=\"495\" height=\"423\" src=\"https:\/\/cflformationchr.fr\/wp-content\/uploads\/2025\/05\/10-2.png\" alt=\"\" class=\"wp-image-2359 size-full\" srcset=\"https:\/\/cflformationchr.fr\/wp-content\/uploads\/2025\/05\/10-2.png 495w, https:\/\/cflformationchr.fr\/wp-content\/uploads\/2025\/05\/10-2-300x256.png 300w\" sizes=\"(max-width: 495px) 100vw, 495px\" \/><\/figure><div class=\"wp-block-media-text__content\">\n<p class=\"has-vivid-cyan-blue-color has-text-color has-link-color has-large-font-size wp-elements-2ba7ff3bea6c36c87328383fb012680b\" style=\"text-decoration:underline\"><strong><em>Objectifs<\/em><\/strong><\/p>\n\n\n\n<p>Comprendre la m\u00e9thodologie \u00e0 mettre en \u0153uvre<\/p>\n\n\n\n<p>Connaitre le cadre r\u00e9glementaire du document unique<\/p>\n\n\n\n<p>Connaitre le r\u00f4le du CSE dans l\u2019\u00e9valuation des risques<\/p>\n<\/div><\/div>\n\n\n\n<p><\/p>\n\n\n\n<div class=\"wp-block-columns is-layout-flex wp-container-core-columns-is-layout-1 wp-block-columns-is-layout-flex\">\n<div class=\"wp-block-column is-layout-flow wp-block-column-is-layout-flow\" style=\"flex-basis:25%\"><div class=\"wp-block-image\">\n<figure class=\"aligncenter size-full is-resized\"><img loading=\"lazy\" decoding=\"async\" width=\"176\" height=\"220\" src=\"https:\/\/cflformationchr.fr\/wp-content\/uploads\/2025\/05\/test-6.gif\" alt=\"\" class=\"wp-image-2309\" style=\"width:98px;height:auto\"\/><\/figure><\/div><\/div>\n\n\n\n<div class=\"wp-block-column is-layout-flow wp-block-column-is-layout-flow\" style=\"flex-basis:50%\">\n<p class=\"has-text-align-center\">Cliquer <a href=\"https:\/\/forms.gle\/uttFfrQxVzH3c1KM8\">ici<\/a> afin d\u2019effectuer votre test d\u2019auto positionnement<\/p>\n<\/div>\n\n\n\n<div class=\"wp-block-column is-layout-flow wp-block-column-is-layout-flow\" style=\"flex-basis:25%\"><div class=\"wp-block-image\">\n<figure class=\"aligncenter size-full is-resized\"><img loading=\"lazy\" decoding=\"async\" width=\"176\" height=\"220\" src=\"https:\/\/cflformationchr.fr\/wp-content\/uploads\/2025\/05\/test-6.gif\" alt=\"\" class=\"wp-image-2309\" style=\"width:98px;height:auto\"\/><\/figure><\/div><\/div>\n<\/div>\n\n\n\n<div data-wp-interactive=\"core\/file\" class=\"wp-block-file\"><object data-wp-bind--hidden=\"!state.hasPdfPreview\"  class=\"wp-block-file__embed\" data=\"https:\/\/cflformationchr.fr\/wp-content\/uploads\/2025\/05\/Programme-de-formation-DUERP-V1-MAJ-07.05.2025.pdf\" type=\"application\/pdf\" style=\"width:100%;height:600px\" aria-label=\"Contenu embarqu\u00e9 Programme-de-formation-DUERP-V1-MAJ-07.05.2025.\"><\/object><a id=\"wp-block-file--media-e547d74c-b54f-44d6-9ba2-a5f902025cf2\" href=\"https:\/\/cflformationchr.fr\/wp-content\/uploads\/2025\/05\/Programme-de-formation-DUERP-V1-MAJ-07.05.2025.pdf\">Programme-de-formation-DUERP-V1-MAJ-07.05.2025<\/a><a href=\"https:\/\/cflformationchr.fr\/wp-content\/uploads\/2025\/05\/Programme-de-formation-DUERP-V1-MAJ-07.05.2025.pdf\" class=\"wp-block-file__button wp-element-button\" download aria-describedby=\"wp-block-file--media-e547d74c-b54f-44d6-9ba2-a5f902025cf2\">T\u00e9l\u00e9charger<\/a><\/div>\n","protected":false},"excerpt":{"rendered":"<p>Objectifs Comprendre la m\u00e9thodologie \u00e0 mettre en \u0153uvre Connaitre le cadre r\u00e9glementaire du document unique Connaitre le r\u00f4le du CSE dans l\u2019\u00e9valuation des risques Cliquer &hellip; <\/p>\n","protected":false},"author":1,"featured_media":0,"parent":0,"menu_order":0,"comment_status":"closed","ping_status":"closed","template":"","meta":{"footnotes":""},"_links":{"self":[{"href":"https:\/\/cflformationchr.fr\/index.php\/wp-json\/wp\/v2\/pages\/1577"}],"collection":[{"href":"https:\/\/cflformationchr.fr\/index.php\/wp-json\/wp\/v2\/pages"}],"about":[{"href":"https:\/\/cflformationchr.fr\/index.php\/wp-json\/wp\/v2\/types\/page"}],"author":[{"embeddable":true,"href":"https:\/\/cflformationchr.fr\/index.php\/wp-json\/wp\/v2\/users\/1"}],"replies":[{"embeddable":true,"href":"https:\/\/cflformationchr.fr\/index.php\/wp-json\/wp\/v2\/comments?post=1577"}],"version-history":[{"count":19,"href":"https:\/\/cflformationchr.fr\/index.php\/wp-json\/wp\/v2\/pages\/1577\/revisions"}],"predecessor-version":[{"id":2360,"href":"https:\/\/cflformationchr.fr\/index.php\/wp-json\/wp\/v2\/pages\/1577\/revisions\/2360"}],"wp:attachment":[{"href":"https:\/\/cflformationchr.fr\/index.php\/wp-json\/wp\/v2\/media?parent=1577"}],"curies":[{"name":"wp","href":"https:\/\/api.w.org\/{rel}","templated":true}]}}