{"id":1929,"date":"2025-01-16T18:17:07","date_gmt":"2025-01-16T17:17:07","guid":{"rendered":"https:\/\/cflformationchr.fr\/?page_id=1929"},"modified":"2025-02-28T08:51:53","modified_gmt":"2025-02-28T07:51:53","slug":"sis-33","status":"publish","type":"page","link":"https:\/\/cflformationchr.fr\/index.php\/sis-33\/","title":{"rendered":"SIS 33"},"content":{"rendered":"<div class=\"wp-block-image\">\n<figure class=\"aligncenter size-full is-resized\"><img loading=\"lazy\" decoding=\"async\" width=\"960\" height=\"502\" src=\"https:\/\/cflformationchr.fr\/wp-content\/uploads\/2025\/01\/377503665_808638061268342_6633164628338952634_n.png\" alt=\"\" class=\"wp-image-1947\" style=\"width:710px;height:auto\" srcset=\"https:\/\/cflformationchr.fr\/wp-content\/uploads\/2025\/01\/377503665_808638061268342_6633164628338952634_n.png 960w, https:\/\/cflformationchr.fr\/wp-content\/uploads\/2025\/01\/377503665_808638061268342_6633164628338952634_n-300x157.png 300w, https:\/\/cflformationchr.fr\/wp-content\/uploads\/2025\/01\/377503665_808638061268342_6633164628338952634_n-768x402.png 768w\" sizes=\"(max-width: 960px) 100vw, 960px\" \/><\/figure><\/div>\n\n\n<p><\/p>\n\n\n\n<div class=\"wp-block-media-text is-stacked-on-mobile\" style=\"grid-template-columns:20% auto\"><figure class=\"wp-block-media-text__media\"><img loading=\"lazy\" decoding=\"async\" width=\"200\" height=\"200\" src=\"https:\/\/cflformationchr.fr\/wp-content\/uploads\/2025\/01\/378894948_808618041270344_5601373910852961313_n.jpg\" alt=\"\" class=\"wp-image-1949 size-full\" srcset=\"https:\/\/cflformationchr.fr\/wp-content\/uploads\/2025\/01\/378894948_808618041270344_5601373910852961313_n.jpg 200w, https:\/\/cflformationchr.fr\/wp-content\/uploads\/2025\/01\/378894948_808618041270344_5601373910852961313_n-150x150.jpg 150w\" sizes=\"(max-width: 200px) 100vw, 200px\" \/><\/figure><div class=\"wp-block-media-text__content\">\n<p class=\"has-x-large-font-size\">SIS 33<\/p>\n<\/div><\/div>\n\n\n\n<p><\/p>\n\n\n\n<p>SIS 33 formation est un organisme de formation et de conseil dans le domaine de la <strong>sant\u00e9 et de la s\u00e9curit\u00e9 au travail<\/strong> qui accompagne les TPE et PME afin de leur simplifier leurs d\u00e9marches de pr\u00e9vention et de formation.<\/p>\n\n\n\n<p>Bas\u00e9e dans le Nord-Gironde, SIS 33 rayonne sur la France enti\u00e8re gr\u00e2ce \u00e0 des formateurs exp\u00e9riment\u00e9s, passionn\u00e9s et certifi\u00e9s.<\/p>\n\n\n\n<p>SIS 33 formation est un organisme de formation agr\u00e9\u00e9 <strong>Qualiopi<\/strong>.<\/p>\n\n\n\n<p>Formations, audits, conseils, aide \u00e0 la r\u00e9daction du document unique, mise en s\u00e9curit\u00e9, nous trouvons une solution adapt\u00e9e et personnalis\u00e9e pour votre entreprise.<\/p>\n\n\n\n<p>Christophe Monnier<\/p>\n\n\n\n<figure class=\"wp-block-embed is-type-wp-embed is-provider-sis-33-formation wp-block-embed-sis-33-formation\"><div class=\"wp-block-embed__wrapper\">\n<blockquote class=\"wp-embedded-content\" data-secret=\"Zf0lamkay5\"><a href=\"https:\/\/www.formation-sis33.fr\/formations\/\">Formations<\/a><\/blockquote><iframe class=\"wp-embedded-content\" sandbox=\"allow-scripts\" security=\"restricted\" style=\"position: absolute; clip: rect(1px, 1px, 1px, 1px);\" title=\"\u00ab\u00a0Formations\u00a0\u00bb &#8212; SIS 33 Formation\" src=\"https:\/\/www.formation-sis33.fr\/formations\/embed\/#?secret=h1wfLqqMpg#?secret=Zf0lamkay5\" data-secret=\"Zf0lamkay5\" width=\"600\" height=\"338\" frameborder=\"0\" marginwidth=\"0\" marginheight=\"0\" scrolling=\"no\"><\/iframe>\n<\/div><\/figure>\n","protected":false},"excerpt":{"rendered":"<p>SIS 33 SIS 33 formation est un organisme de formation et de conseil dans le domaine de la sant\u00e9 et de la s\u00e9curit\u00e9 au travail &hellip; <\/p>\n","protected":false},"author":1,"featured_media":0,"parent":0,"menu_order":0,"comment_status":"closed","ping_status":"closed","template":"","meta":{"footnotes":""},"_links":{"self":[{"href":"https:\/\/cflformationchr.fr\/index.php\/wp-json\/wp\/v2\/pages\/1929"}],"collection":[{"href":"https:\/\/cflformationchr.fr\/index.php\/wp-json\/wp\/v2\/pages"}],"about":[{"href":"https:\/\/cflformationchr.fr\/index.php\/wp-json\/wp\/v2\/types\/page"}],"author":[{"embeddable":true,"href":"https:\/\/cflformationchr.fr\/index.php\/wp-json\/wp\/v2\/users\/1"}],"replies":[{"embeddable":true,"href":"https:\/\/cflformationchr.fr\/index.php\/wp-json\/wp\/v2\/comments?post=1929"}],"version-history":[{"count":14,"href":"https:\/\/cflformationchr.fr\/index.php\/wp-json\/wp\/v2\/pages\/1929\/revisions"}],"predecessor-version":[{"id":2163,"href":"https:\/\/cflformationchr.fr\/index.php\/wp-json\/wp\/v2\/pages\/1929\/revisions\/2163"}],"wp:attachment":[{"href":"https:\/\/cflformationchr.fr\/index.php\/wp-json\/wp\/v2\/media?parent=1929"}],"curies":[{"name":"wp","href":"https:\/\/api.w.org\/{rel}","templated":true}]}}