{"id":2379,"date":"2025-07-03T10:14:48","date_gmt":"2025-07-03T08:14:48","guid":{"rendered":"https:\/\/cflformationchr.fr\/?page_id=2379"},"modified":"2025-07-03T11:11:06","modified_gmt":"2025-07-03T09:11:06","slug":"easytrax","status":"publish","type":"page","link":"https:\/\/cflformationchr.fr\/index.php\/easytrax\/","title":{"rendered":"EASYTRAX"},"content":{"rendered":"<div class=\"wp-block-image\">\n<figure class=\"aligncenter size-full is-resized\"><img loading=\"lazy\" decoding=\"async\" width=\"500\" height=\"200\" src=\"https:\/\/cflformationchr.fr\/wp-content\/uploads\/2025\/07\/Logo-ET-V3-2.png\" alt=\"\" class=\"wp-image-2381\" style=\"width:573px;height:auto\" srcset=\"https:\/\/cflformationchr.fr\/wp-content\/uploads\/2025\/07\/Logo-ET-V3-2.png 500w, https:\/\/cflformationchr.fr\/wp-content\/uploads\/2025\/07\/Logo-ET-V3-2-300x120.png 300w\" sizes=\"(max-width: 500px) 100vw, 500px\" \/><\/figure><\/div>\n\n\n<div class=\"wp-block-media-text is-stacked-on-mobile\" style=\"grid-template-columns:32% auto\"><figure class=\"wp-block-media-text__media\"><img loading=\"lazy\" decoding=\"async\" width=\"1024\" height=\"576\" src=\"https:\/\/cflformationchr.fr\/wp-content\/uploads\/2025\/07\/Home-Page-Easytrax-Music-1024x576.png\" alt=\"\" class=\"wp-image-2388 size-full\" srcset=\"https:\/\/cflformationchr.fr\/wp-content\/uploads\/2025\/07\/Home-Page-Easytrax-Music-1024x576.png 1024w, https:\/\/cflformationchr.fr\/wp-content\/uploads\/2025\/07\/Home-Page-Easytrax-Music-300x169.png 300w, https:\/\/cflformationchr.fr\/wp-content\/uploads\/2025\/07\/Home-Page-Easytrax-Music-768x432.png 768w, https:\/\/cflformationchr.fr\/wp-content\/uploads\/2025\/07\/Home-Page-Easytrax-Music-1536x864.png 1536w, https:\/\/cflformationchr.fr\/wp-content\/uploads\/2025\/07\/Home-Page-Easytrax-Music-2048x1152.png 2048w, https:\/\/cflformationchr.fr\/wp-content\/uploads\/2025\/07\/Home-Page-Easytrax-Music-840x473.png 840w\" sizes=\"(max-width: 1024px) 100vw, 1024px\" \/><\/figure><div class=\"wp-block-media-text__content\">\n<p class=\"has-text-align-center has-large-font-size\"><strong>1er sonorisateur fran\u00e7ais de musique hors gestion SACEM<\/strong><\/p>\n<\/div><\/div>\n\n\n\n<p><\/p>\n\n\n\n<p class=\"has-text-align-center has-vivid-cyan-blue-color has-text-color has-link-color has-large-font-size wp-elements-826a347f47347f12132a4ff72a5406ad\"><strong>R\u00e9glementation musicale<\/strong><\/p>\n\n\n\n<p class=\"has-text-align-center\">Depuis 2013, <a href=\"https:\/\/easytrax-music.com\/\">Easytrax Music<\/a> est le seul sonorisateur reconnu par les institutions culturelles fran\u00e7aises, qui propose un r\u00e9pertoire de compositeurs parfaitement identifi\u00e9 hors gestion SACEM.<\/p>\n\n\n\n<div class=\"wp-block-media-text is-stacked-on-mobile\" style=\"grid-template-columns:23% auto\"><figure class=\"wp-block-media-text__media\"><img loading=\"lazy\" decoding=\"async\" width=\"500\" height=\"500\" src=\"https:\/\/cflformationchr.fr\/wp-content\/uploads\/2025\/07\/Logo-easytrax-V2-4.png\" alt=\"\" class=\"wp-image-2380 size-full\" srcset=\"https:\/\/cflformationchr.fr\/wp-content\/uploads\/2025\/07\/Logo-easytrax-V2-4.png 500w, https:\/\/cflformationchr.fr\/wp-content\/uploads\/2025\/07\/Logo-easytrax-V2-4-300x300.png 300w, https:\/\/cflformationchr.fr\/wp-content\/uploads\/2025\/07\/Logo-easytrax-V2-4-150x150.png 150w\" sizes=\"(max-width: 500px) 100vw, 500px\" \/><\/figure><div class=\"wp-block-media-text__content\">\n<p>Tous les adh\u00e9rents&nbsp;Easytrax&nbsp;sont tenus de transmettre par lettre recommand\u00e9e une&nbsp;<strong>copie de leur licence<\/strong>&nbsp;<strong>Easytrax<\/strong> \u00e0 la d\u00e9l\u00e9gation r\u00e9gionale de la SACEM de leur secteur, afin d\u2019officialiser la diffusion publique du&nbsp;<strong>r\u00e9pertoire hors gestion SACEM<\/strong>&nbsp;d\u2019Easytrax.<\/p>\n<\/div><\/div>\n\n\n\n<p class=\"has-text-align-center\">La redevance SPRE (Soci\u00e9t\u00e9 de Perception de la R\u00e9mun\u00e9ration \u00c9quitable) est <strong>une obligation pour tous les \u00e9tablissements<\/strong> diffusant de la musique en public, <strong>ind\u00e9pendamment de son origine. <\/strong>\u00c0 votre adh\u00e9sion Easytrax confirme \u00e0 la SPRE que votre \u00e9tablissement est exempt\u00e9 SACEM.<\/p>\n\n\n\n<div class=\"wp-block-media-text has-media-on-the-right is-stacked-on-mobile\" style=\"grid-template-columns:auto 38%\"><div class=\"wp-block-media-text__content\">\n<p><strong>Strictement r\u00e9serv\u00e9e aux : <\/strong>caf\u00e9, bar, h\u00f4tel, restaurant, d\u00e9bit de boisson, caf\u00e9t\u00e9ria, restauration rapide, camping.<\/p>\n\n\n\n<p>Cette licence vous autorise \u00e0 diffuser l\u2019int\u00e9gralit\u00e9 du r\u00e9pertoire Easytrax Music au sein de votre \u00e9tablissement pendant&nbsp;<strong>2 ans<\/strong>. Les contenus sont disponibles en&nbsp;<strong>streaming ou en t\u00e9l\u00e9chargement gratuit<\/strong>&nbsp;via notre serveur s\u00e9curis\u00e9.<\/p>\n\n\n\n<p>Vous b\u00e9n\u00e9ficierez d\u2019un acc\u00e8s illimit\u00e9 \u00e0 des&nbsp;<strong>milliers de titres sans publicit\u00e9<\/strong>&nbsp;ainsi qu\u2019\u00e0&nbsp;<strong>des dizaines de playlists th\u00e9matiques<\/strong>&nbsp;(lounge, pop, jazz, \u00e9lectro, latino, asiatique, orientale\u2026),&nbsp;<strong>hors du champ de la redevance SACEM<\/strong>.<\/p>\n<\/div><figure class=\"wp-block-media-text__media\"><img loading=\"lazy\" decoding=\"async\" width=\"600\" height=\"600\" src=\"https:\/\/cflformationchr.fr\/wp-content\/uploads\/2025\/07\/1-600x600-1.jpg\" alt=\"\" class=\"wp-image-2385 size-full\" srcset=\"https:\/\/cflformationchr.fr\/wp-content\/uploads\/2025\/07\/1-600x600-1.jpg 600w, https:\/\/cflformationchr.fr\/wp-content\/uploads\/2025\/07\/1-600x600-1-300x300.jpg 300w, https:\/\/cflformationchr.fr\/wp-content\/uploads\/2025\/07\/1-600x600-1-150x150.jpg 150w\" sizes=\"(max-width: 600px) 100vw, 600px\" \/><\/figure><\/div>\n\n\n\n<p class=\"has-text-align-center has-vivid-cyan-blue-color has-text-color has-link-color has-medium-font-size wp-elements-fbcf58cb5a0fbe696850c905ea8c10fb\"><strong>Quel type de musique propose Easytrax Music ?<\/strong><\/p>\n\n\n\n<figure class=\"wp-block-image size-large is-resized\"><img loading=\"lazy\" decoding=\"async\" width=\"1024\" height=\"346\" src=\"https:\/\/cflformationchr.fr\/wp-content\/uploads\/2025\/07\/AMBIANCE-MUSICAL-1024x346.png\" alt=\"\" class=\"wp-image-2386\" style=\"width:843px;height:auto\" srcset=\"https:\/\/cflformationchr.fr\/wp-content\/uploads\/2025\/07\/AMBIANCE-MUSICAL-1024x346.png 1024w, https:\/\/cflformationchr.fr\/wp-content\/uploads\/2025\/07\/AMBIANCE-MUSICAL-300x101.png 300w, https:\/\/cflformationchr.fr\/wp-content\/uploads\/2025\/07\/AMBIANCE-MUSICAL-768x260.png 768w, https:\/\/cflformationchr.fr\/wp-content\/uploads\/2025\/07\/AMBIANCE-MUSICAL.png 1127w\" sizes=\"(max-width: 1024px) 100vw, 1024px\" \/><\/figure>\n\n\n\n<p class=\"has-text-align-center has-large-font-size\"><strong><a href=\"https:\/\/easytrax-music.com\/musiques\/\">D\u00e9couvrez un aper\u00e7u de nos playlists<\/a><\/strong><\/p>\n\n\n\n<p><\/p>\n\n\n<div class=\"wp-block-image\">\n<figure class=\"aligncenter size-full\"><img loading=\"lazy\" decoding=\"async\" width=\"986\" height=\"532\" src=\"https:\/\/cflformationchr.fr\/wp-content\/uploads\/2025\/07\/LICENCES.png\" alt=\"\" class=\"wp-image-2402\" srcset=\"https:\/\/cflformationchr.fr\/wp-content\/uploads\/2025\/07\/LICENCES.png 986w, https:\/\/cflformationchr.fr\/wp-content\/uploads\/2025\/07\/LICENCES-300x162.png 300w, https:\/\/cflformationchr.fr\/wp-content\/uploads\/2025\/07\/LICENCES-768x414.png 768w\" sizes=\"(max-width: 986px) 100vw, 986px\" \/><\/figure><\/div>","protected":false},"excerpt":{"rendered":"<p>1er sonorisateur fran\u00e7ais de musique hors gestion SACEM R\u00e9glementation musicale Depuis 2013, Easytrax Music est le seul sonorisateur reconnu par les institutions culturelles fran\u00e7aises, qui &hellip; <\/p>\n","protected":false},"author":1,"featured_media":0,"parent":0,"menu_order":0,"comment_status":"closed","ping_status":"closed","template":"","meta":{"footnotes":""},"_links":{"self":[{"href":"https:\/\/cflformationchr.fr\/index.php\/wp-json\/wp\/v2\/pages\/2379"}],"collection":[{"href":"https:\/\/cflformationchr.fr\/index.php\/wp-json\/wp\/v2\/pages"}],"about":[{"href":"https:\/\/cflformationchr.fr\/index.php\/wp-json\/wp\/v2\/types\/page"}],"author":[{"embeddable":true,"href":"https:\/\/cflformationchr.fr\/index.php\/wp-json\/wp\/v2\/users\/1"}],"replies":[{"embeddable":true,"href":"https:\/\/cflformationchr.fr\/index.php\/wp-json\/wp\/v2\/comments?post=2379"}],"version-history":[{"count":11,"href":"https:\/\/cflformationchr.fr\/index.php\/wp-json\/wp\/v2\/pages\/2379\/revisions"}],"predecessor-version":[{"id":2404,"href":"https:\/\/cflformationchr.fr\/index.php\/wp-json\/wp\/v2\/pages\/2379\/revisions\/2404"}],"wp:attachment":[{"href":"https:\/\/cflformationchr.fr\/index.php\/wp-json\/wp\/v2\/media?parent=2379"}],"curies":[{"name":"wp","href":"https:\/\/api.w.org\/{rel}","templated":true}]}}